{"id":36,"date":"2025-11-02T13:17:06","date_gmt":"2025-11-02T13:17:06","guid":{"rendered":"https:\/\/bag-food.com\/?page_id=36"},"modified":"2025-11-02T13:17:06","modified_gmt":"2025-11-02T13:17:06","slug":"impressum","status":"publish","type":"page","link":"https:\/\/bag-food.com\/index.php\/impressum\/","title":{"rendered":"Impressum"},"content":{"rendered":"\n<p><strong>Angaben gem\u00e4\u00df $\\S 5$ Digitale-Dienste-Gesetz (DDG):<\/strong><\/p>\n\n\n\n<p>Bagfood UG (haftungsbeschr\u00e4nkt)<\/p>\n\n\n\n<p>An der Landesgrenze 10<\/p>\n\n\n\n<p>28779 Bremen<\/p>\n\n\n\n<p>Vertreten durch:<\/p>\n\n\n\n<p>Anna Udoh, Gesch\u00e4ftsf\u00fchrerin<\/p>\n\n\n\n<h4 class=\"wp-block-heading\">Kontakt:<\/h4>\n\n\n\n<p>Telefon: [Ihre Telefonnummer]<\/p>\n\n\n\n<p>Telefax: [Ihre Faxnummer, optional]<\/p>\n\n\n\n<p>E-Mail: kontakt@bag-food.com<\/p>\n\n\n\n<p>Internet: bag-food.com<\/p>\n\n\n\n<h4 class=\"wp-block-heading\">Registereintrag:<\/h4>\n\n\n\n<p>Registergericht: Amtsgericht Bremen<\/p>\n\n\n\n<p>Registernummer: HRB [Ihre Registernummer eintragen]<\/p>\n\n\n\n<p>(Hinweis: Diese Angaben sind notwendig, sobald die UG im Handelsregister eingetragen ist.)<\/p>\n\n\n\n<h4 class=\"wp-block-heading\">Umsatzsteuer-ID:<\/h4>\n\n\n\n<p>Umsatzsteuer-Identifikationsnummer gem\u00e4\u00df $\\S 27$ a Umsatzsteuergesetz:<\/p>\n\n\n\n<p>DE [Ihre Umsatzsteuer-ID eintragen]<\/p>\n\n\n\n<p>(Hinweis: Nur erforderlich, wenn Sie eine Umsatzsteuer-ID besitzen und diese nutzen.)<\/p>\n\n\n\n<h4 class=\"wp-block-heading\">Redaktionell Verantwortlich (falls zutreffend):<\/h4>\n\n\n\n<p>Verantwortlich f\u00fcr den Inhalt nach $\\S 18$ Abs. 2 Medienstaatsvertrag (MStV):<\/p>\n\n\n\n<p>Anna Udoh<\/p>\n\n\n\n<p>An der Landesgrenze 10<\/p>\n\n\n\n<p>28779 Bremen<\/p>\n\n\n\n<p>(Hinweis: Nur erforderlich, wenn Sie journalistisch-redaktionelle Inhalte anbieten.)<\/p>\n\n\n\n<h4 class=\"wp-block-heading\">Hinweis zur Online-Streitbeilegung (OS-Plattform):<\/h4>\n\n\n\n<p>Die Europ\u00e4ische Kommission stellt eine Plattform zur Online-Streitbeilegung (OS) bereit, die Sie unter https:\/\/ec.europa.eu\/consumers\/odr\/ finden.<\/p>\n\n\n\n<p>Unsere E-Mail-Adresse finden Sie oben im Impressum.<\/p>\n\n\n\n<p>Wir sind zur Teilnahme an einem Streitbeilegungsverfahren vor einer Verbraucherschlichtungsstelle weder verpflichtet noch bereit.<\/p>\n\n\n\n<p><\/p>\n","protected":false},"excerpt":{"rendered":"<p>Angaben gem\u00e4\u00df $\\S 5$ Digitale-Dienste-Gesetz (DDG): Bagfood UG (haftungsbeschr\u00e4nkt) An der Landesgrenze 10 28779 Bremen Vertreten durch: Anna Udoh, Gesch\u00e4ftsf\u00fchrerin Kontakt: Telefon: [Ihre Telefonnummer] Telefax: [Ihre Faxnummer, optional] E-Mail: kontakt@bag-food.com Internet: bag-food.com Registereintrag: Registergericht: Amtsgericht Bremen Registernummer: HRB [Ihre Registernummer eintragen] (Hinweis: Diese Angaben sind notwendig, sobald die UG im Handelsregister eingetragen ist.) Umsatzsteuer-ID: Umsatzsteuer-Identifikationsnummer [&hellip;]<\/p>\n","protected":false},"author":1,"featured_media":0,"parent":0,"menu_order":0,"comment_status":"closed","ping_status":"closed","template":"","meta":{"footnotes":""},"class_list":["post-36","page","type-page","status-publish","hentry"],"_links":{"self":[{"href":"https:\/\/bag-food.com\/index.php\/wp-json\/wp\/v2\/pages\/36","targetHints":{"allow":["GET"]}}],"collection":[{"href":"https:\/\/bag-food.com\/index.php\/wp-json\/wp\/v2\/pages"}],"about":[{"href":"https:\/\/bag-food.com\/index.php\/wp-json\/wp\/v2\/types\/page"}],"author":[{"embeddable":true,"href":"https:\/\/bag-food.com\/index.php\/wp-json\/wp\/v2\/users\/1"}],"replies":[{"embeddable":true,"href":"https:\/\/bag-food.com\/index.php\/wp-json\/wp\/v2\/comments?post=36"}],"version-history":[{"count":1,"href":"https:\/\/bag-food.com\/index.php\/wp-json\/wp\/v2\/pages\/36\/revisions"}],"predecessor-version":[{"id":38,"href":"https:\/\/bag-food.com\/index.php\/wp-json\/wp\/v2\/pages\/36\/revisions\/38"}],"wp:attachment":[{"href":"https:\/\/bag-food.com\/index.php\/wp-json\/wp\/v2\/media?parent=36"}],"curies":[{"name":"wp","href":"https:\/\/api.w.org\/{rel}","templated":true}]}}